{"id":16,"date":"2026-05-01T16:14:29","date_gmt":"2026-05-01T16:14:29","guid":{"rendered":"https:\/\/expert-ciseo.ro\/?page_id=16"},"modified":"2026-05-01T16:14:29","modified_gmt":"2026-05-01T16:14:29","slug":"contact","status":"publish","type":"page","link":"https:\/\/expert-ciseo.ro\/index.php\/contact\/","title":{"rendered":"Contact"},"content":{"rendered":"<div class=\"et_pb_section_0 et_pb_section et_section_specialty et_pb_gutters3 et_block_section\"><div class=\"et_pb_row et_block_row\"><div class=\"et_pb_column_0 et_pb_column et_pb_specialty_column et_pb_column_2_3 et_block_column et_pb_css_mix_blend_mode_passthrough\"><div class=\"et_pb_row_inner_0 et_pb_row_inner et_block_row\"><div class=\"et_pb_column_inner_0 et_pb_column_inner et_pb_column et_pb_column_4_4 et-last-child et_block_column et_pb_css_mix_blend_mode_passthrough preset--module--divi-column-inner--73121f80-a3ef-4484-8763-c3f18e3c56d2\"><div class=\"et_pb_heading_0 et_pb_heading et_pb_module et_flex_module preset--module--divi-heading--ddeb8c09-9078-4424-bc15-2efb6572e28e\"><div class=\"et_pb_heading_container\"><h1 class=\"et_pb_module_header\">Contact the CISEO Expert Team for Professional Guidance<\/h1><\/div><\/div><div class=\"et_pb_text_0 et_pb_text et_pb_bg_layout_light et_pb_module et_flex_module preset--module--divi-text--default\"><div class=\"et_pb_text_inner\"><p>Connect with our team of certified experts to explore our comprehensive catalog and discover how we can assist your organization in implementing and certifying best practices.<\/p>\n<\/div><\/div><div class=\"et_pb_module et_pb_button_module_wrapper et_pb_button_0_wrapper preset--module--divi-button--default_wrapper\"><a class=\"et_pb_button_0 et_pb_button et_pb_bg_layout_light et_pb_module et_flex_module preset--module--divi-button--default\" href=\"\">Discover More<\/a><\/div><\/div><\/div><div class=\"et_pb_row_inner_1 et_pb_row_inner et_block_row\"><div class=\"et_pb_column_inner_1 et_pb_column_inner et_pb_column et_pb_column_1_3 et_block_column et_pb_css_mix_blend_mode_passthrough preset--module--divi-column-inner--73121f80-a3ef-4484-8763-c3f18e3c56d2\"><div class=\"et_pb_blurb_0 et_pb_blurb et_pb_bg_layout_light et_pb_text_align_left et_pb_blurb_position_top et_pb_module et_flex_module preset--module--divi-blurb--212b201d-2c34-41bd-936c-851b7357d08b\"><div class=\"et_pb_blurb_content et_flex_module\"><div class=\"et_pb_main_blurb_image\"><span class=\"et_pb_image_wrap\"><span class=\"et-pb-icon et_animated et_animated\">\uf235<\/span><\/span><\/div><div class=\"et_pb_blurb_container\"><h4 class=\"et_pb_module_header\">Expertise You Can Trust<\/h4><div class=\"et_pb_blurb_description\"><p>Our team is globally recognized for their expertise in professional training and certification.<\/p>\n<\/div><\/div><\/div><\/div><\/div><div class=\"et_pb_column_inner_2 et_pb_column_inner et_pb_column et_pb_column_1_3 et-last-child et_block_column et_pb_css_mix_blend_mode_passthrough preset--module--divi-column-inner--73121f80-a3ef-4484-8763-c3f18e3c56d2\"><div class=\"et_pb_blurb_1 et_pb_blurb et_pb_bg_layout_light et_pb_text_align_left et_pb_blurb_position_top et_pb_module et_flex_module preset--module--divi-blurb--212b201d-2c34-41bd-936c-851b7357d08b\"><div class=\"et_pb_blurb_content et_flex_module\"><div class=\"et_pb_main_blurb_image\"><span class=\"et_pb_image_wrap\"><span class=\"et-pb-icon et_animated et_animated\">\uf0a9<\/span><\/span><\/div><div class=\"et_pb_blurb_container\"><h4 class=\"et_pb_module_header\">Global Certification Standards<\/h4><div class=\"et_pb_blurb_description\"><p>We adhere to international standards to ensure the highest quality of service.<\/p>\n<\/div><\/div><\/div><\/div><\/div><\/div><\/div><div class=\"et_pb_column_1 et_pb_column et_pb_column_single et_pb_column_1_3 et-last-child et_block_column et_pb_css_mix_blend_mode_passthrough preset--module--divi-column--73121f80-a3ef-4484-8763-c3f18e3c56d2\"><div class=\"et_pb_image_0 et_pb_image et_pb_module et_flex_module preset--module--divi-image--1cc6152f-565c-4c4d-b0c9-cf8c9576c341\"><span class=\"et_pb_image_wrap\"><img decoding=\"async\" src=\"https:\/\/images.unsplash.com\/photo-1623000531405-0e9903d08c33?ixid=M3w1ODkyNzF8MHwxfHNlYXJjaHw2fHxwcm9mZXNzaW9uYWwlMjBtZWV0aW5nfGVufDB8MXx8fDE3Nzc2NDYwNTN8MA&#038;ixlib=rb-4.1.0&#038;fm=webp&#038;fit=crop&#038;crop=entropy&#038;w=800&#038;h=1080&#038;q=20&#038;dpr=2\" title=\"800x1080\" \/><\/span><\/div><\/div><\/div><\/div><div class=\"et_pb_section_1 et_pb_section et_section_regular et_block_section\"><div class=\"et_pb_row_0 et_pb_row et_pb_equal_columns et_block_row\"><div class=\"et_pb_column_2 et_pb_column et_pb_column_1_3 et_block_column et_pb_css_mix_blend_mode_passthrough\"><div class=\"et_pb_heading_1 et_pb_heading et_pb_module et_flex_module preset--module--divi-heading--a3805066-8711-43c7-9f62-5782da0e9f7a\"><div class=\"et_pb_heading_container\"><h5 class=\"et_pb_module_header\">(255) 352-6258<\/h5><\/div><\/div><div class=\"et_pb_text_1 et_pb_text et_pb_bg_layout_light et_pb_module et_flex_module et_pb_text_align_center preset--module--divi-text--4b240c10-bcce-4a83-9661-66d610a878e0\"><div class=\"et_pb_text_inner\"><p>For direct inquiries, reach out to our support team via phone.<\/p>\n<\/div><\/div><\/div><div class=\"et_pb_column_3 et_pb_column et_pb_column_1_3 et_block_column et_pb_css_mix_blend_mode_passthrough\"><div class=\"et_pb_heading_2 et_pb_heading et_pb_module et_flex_module preset--module--divi-heading--a3805066-8711-43c7-9f62-5782da0e9f7a\"><div class=\"et_pb_heading_container\"><h5 class=\"et_pb_module_header\">hello@expert-ciseo.ro<\/h5><\/div><\/div><div class=\"et_pb_text_2 et_pb_text et_pb_bg_layout_light et_pb_module et_flex_module et_pb_text_align_center preset--module--divi-text--4b240c10-bcce-4a83-9661-66d610a878e0\"><div class=\"et_pb_text_inner\"><p>Email us for detailed information or specific queries.<\/p>\n<\/div><\/div><\/div><div class=\"et_pb_column_4 et_pb_column et_pb_column_1_3 et-last-child et_block_column et_pb_css_mix_blend_mode_passthrough\"><div class=\"et_pb_heading_3 et_pb_heading et_pb_module et_flex_module preset--module--divi-heading--a3805066-8711-43c7-9f62-5782da0e9f7a\"><div class=\"et_pb_heading_container\"><h5 class=\"et_pb_module_header\">1234 Divi St. #1000, San Francisco, CA 94220<\/h5><\/div><\/div><div class=\"et_pb_text_3 et_pb_text et_pb_bg_layout_light et_pb_module et_flex_module et_pb_text_align_center preset--module--divi-text--4b240c10-bcce-4a83-9661-66d610a878e0\"><div class=\"et_pb_text_inner\"><p>Visit our office for a face-to-face consultation with our experts.<\/p>\n<\/div><\/div><\/div><\/div><\/div><div class=\"et_pb_section_2 et_pb_section et_section_regular et_block_section\"><div class=\"et_pb_row_1 et_pb_row et_block_row preset--module--divi-row--5138c454-be54-4233-bd3b-f8e6a8747976\"><div class=\"et_pb_column_5 et_pb_column et_pb_column_4_4 et-last-child et_block_column et_pb_css_mix_blend_mode_passthrough preset--module--divi-column--73121f80-a3ef-4484-8763-c3f18e3c56d2\"><div class=\"et_pb_heading_4 et_pb_heading et_pb_module et_flex_module preset--module--divi-heading--default\"><div class=\"et_pb_heading_container\"><h2 class=\"et_pb_module_header\">Common Inquiries and Support Questions<\/h2><\/div><\/div><div class=\"et_pb_text_4 et_pb_text et_pb_bg_layout_light et_pb_module et_flex_module et_pb_text_align_center preset--module--divi-text--default\"><div class=\"et_pb_text_inner\"><p>Find answers to the most common questions about our services and support.<\/p>\n<\/div><\/div><div class=\"et_pb_accordion_0 et_pb_accordion et_pb_module et_flex_module preset--module--divi-accordion--default\"><div class=\"et_pb_accordion_item_0 et_pb_accordion_item et_pb_toggle et_pb_module et_pb_toggle_open et_flex_module preset--module--divi-accordion-item--550abe5c-b505-4d6b-adc7-570bd7cc1217\"><h5 class=\"et_pb_toggle_title\">How can I contact the CISEO Expert team?<\/h5><div class=\"et_pb_toggle_content et_flex_module\"><p>You can reach us via phone at (255) 352-6258 or email us at hello@expert-ciseo.ro.<\/p>\n<\/div><\/div><div class=\"et_pb_accordion_item_1 et_pb_accordion_item et_pb_toggle et_pb_module et_pb_toggle_close et_flex_module preset--module--divi-accordion-item--550abe5c-b505-4d6b-adc7-570bd7cc1217\"><h5 class=\"et_pb_toggle_title\">What services does CISEO Expert offer?<\/h5><div class=\"et_pb_toggle_content et_flex_module\"><p>We provide a catalog of experts for implementing and certifying best practices in various industries.<\/p>\n<\/div><\/div><div class=\"et_pb_accordion_item_2 et_pb_accordion_item et_pb_toggle et_pb_module et_pb_toggle_close et_flex_module preset--module--divi-accordion-item--550abe5c-b505-4d6b-adc7-570bd7cc1217\"><h5 class=\"et_pb_toggle_title\">How can I become a certified expert listed in your catalog?<\/h5><div class=\"et_pb_toggle_content et_flex_module\"><p>To be listed, you must complete a recognized training program and pass an international certification exam.<\/p>\n<\/div><\/div><div class=\"et_pb_accordion_item_3 et_pb_accordion_item et_pb_toggle et_pb_module et_pb_toggle_close et_flex_module preset--module--divi-accordion-item--550abe5c-b505-4d6b-adc7-570bd7cc1217\"><h5 class=\"et_pb_toggle_title\">What industries does the CISEO catalog cover?<\/h5><div class=\"et_pb_toggle_content et_flex_module\"><p>Our catalog includes experts from a wide range of industries, including auditing, consulting, and training.<\/p>\n<\/div><\/div><div class=\"et_pb_accordion_item_4 et_pb_accordion_item et_pb_toggle et_pb_module et_pb_toggle_close et_flex_module preset--module--divi-accordion-item--550abe5c-b505-4d6b-adc7-570bd7cc1217\"><h5 class=\"et_pb_toggle_title\">How do I schedule a consultation with an expert?<\/h5><div class=\"et_pb_toggle_content et_flex_module\"><p>Contact us via phone or email to schedule a consultation with one of our certified experts.<\/p>\n<\/div><\/div><div class=\"et_pb_accordion_item_5 et_pb_accordion_item et_pb_toggle et_pb_module et_pb_toggle_close et_flex_module preset--module--divi-accordion-item--550abe5c-b505-4d6b-adc7-570bd7cc1217\"><h5 class=\"et_pb_toggle_title\">What are the benefits of using the CISEO Expert catalog?<\/h5><div class=\"et_pb_toggle_content et_flex_module\"><p>Our catalog helps organizations find qualified experts to implement and certify best practices efficiently.<\/p>\n<\/div><\/div><\/div><\/div><\/div><\/div><div class=\"et_pb_section_3 et_pb_section et_section_regular et_block_section\"><div class=\"et_pb_row_2 et_pb_row et_block_row preset--module--divi-row--5138c454-be54-4233-bd3b-f8e6a8747976\"><div class=\"et_pb_column_6 et_pb_column et_pb_column_4_4 et-last-child et_block_column et_pb_css_mix_blend_mode_passthrough preset--module--divi-column--73121f80-a3ef-4484-8763-c3f18e3c56d2\"><div class=\"et_pb_heading_5 et_pb_heading et_pb_module et_flex_module preset--module--divi-heading--default\"><div class=\"et_pb_heading_container\"><h2 class=\"et_pb_module_header\">\u00cent\u00e2lne\u0219te Echipa Noastr\u0103 de Exper\u021bi<\/h2><\/div><\/div><div class=\"et_pb_text_5 et_pb_text et_pb_bg_layout_light et_pb_module et_flex_module et_pb_text_align_center preset--module--divi-text--default\"><div class=\"et_pb_text_inner\"><p>Echipa noastr\u0103 de exper\u021bi CISEO este aici pentru a v\u0103 ghida \u0219i a v\u0103 oferi suportul necesar \u00een implementarea \u0219i certificarea bunelor practici. Fiecare membru al echipei noastre este instruit \u0219i certificat la nivel interna\u021bional, asigur\u00e2ndu-v\u0103 c\u0103 beneficia\u021bi de cele mai \u00eenalte standarde de profesionalism \u0219i competen\u021b\u0103.<\/p>\n<\/div><\/div><\/div><\/div><div class=\"et_pb_row_3 et_pb_row et_pb_row_4col et_block_row et_block_row_4col preset--module--divi-row--5138c454-be54-4233-bd3b-f8e6a8747976\"><div class=\"et_pb_column_7 et_pb_column et_pb_column_1_4 et_block_column et_pb_css_mix_blend_mode_passthrough preset--module--divi-column--73121f80-a3ef-4484-8763-c3f18e3c56d2\"><div class=\"et_pb_team_member_0 et_pb_team_member et_pb_bg_layout_light et_pb_text_align_center et_pb_module et_block_module preset--module--divi-team-member--b841941a-5107-496a-8886-22612388dd4e\"><div class=\"et_pb_team_member_image et-waypoint et_pb_animation_off\"><img decoding=\"async\" src=\"https:\/\/expert-ciseo.ro\/wp-content\/uploads\/2026\/05\/new-portrait-6-800x800-1-2-800x800.jpg\" alt=\"Andrei Popescu\" \/><\/div><div class=\"et_pb_team_member_description\"><h5 class=\"et_pb_module_header\">Andrei Popescu<\/h5><p class=\"et_pb_member_position\">Consultant Senior \u00een Certificare<\/p><\/div><\/div><\/div><div class=\"et_pb_column_8 et_pb_column et_pb_column_1_4 et_block_column et_pb_css_mix_blend_mode_passthrough preset--module--divi-column--73121f80-a3ef-4484-8763-c3f18e3c56d2\"><div class=\"et_pb_team_member_1 et_pb_team_member et_pb_bg_layout_light et_pb_text_align_center et_pb_module et_block_module preset--module--divi-team-member--b841941a-5107-496a-8886-22612388dd4e\"><div class=\"et_pb_team_member_image et-waypoint et_pb_animation_off\"><img decoding=\"async\" src=\"https:\/\/expert-ciseo.ro\/wp-content\/uploads\/2026\/05\/new-portrait-5-800x800-1-1-800x800.jpg\" alt=\"Maria Ionescu\" \/><\/div><div class=\"et_pb_team_member_description\"><h5 class=\"et_pb_module_header\">Maria Ionescu<\/h5><p class=\"et_pb_member_position\">Manager de Proiect<\/p><\/div><\/div><\/div><div class=\"et_pb_column_9 et_pb_column et_pb_column_1_4 et_block_column et_pb_css_mix_blend_mode_passthrough preset--module--divi-column--73121f80-a3ef-4484-8763-c3f18e3c56d2\"><div class=\"et_pb_team_member_2 et_pb_team_member et_pb_bg_layout_light et_pb_text_align_center et_pb_module et_block_module preset--module--divi-team-member--b841941a-5107-496a-8886-22612388dd4e\"><div class=\"et_pb_team_member_image et-waypoint et_pb_animation_off\"><img decoding=\"async\" src=\"https:\/\/expert-ciseo.ro\/wp-content\/uploads\/2026\/05\/new-portrait-4-800x800-1-2-800x800.jpg\" alt=\"Ioan Vasilescu\" \/><\/div><div class=\"et_pb_team_member_description\"><h5 class=\"et_pb_module_header\">Ioan Vasilescu<\/h5><p class=\"et_pb_member_position\">Auditor Principal<\/p><\/div><\/div><\/div><div class=\"et_pb_column_10 et_pb_column et_pb_column_1_4 et-last-child et_block_column et_pb_css_mix_blend_mode_passthrough preset--module--divi-column--73121f80-a3ef-4484-8763-c3f18e3c56d2\"><div class=\"et_pb_team_member_3 et_pb_team_member et_pb_bg_layout_light et_pb_text_align_center et_pb_module et_block_module preset--module--divi-team-member--b841941a-5107-496a-8886-22612388dd4e\"><div class=\"et_pb_team_member_image et-waypoint et_pb_animation_off\"><img decoding=\"async\" src=\"https:\/\/expert-ciseo.ro\/wp-content\/uploads\/2026\/05\/new-portrait-2-800x800-1-1-800x800.jpg\" alt=\"Elena Georgescu\" \/><\/div><div class=\"et_pb_team_member_description\"><h5 class=\"et_pb_module_header\">Elena Georgescu<\/h5><p class=\"et_pb_member_position\">Trainer Certificat<\/p><\/div><\/div><\/div><\/div><\/div><div class=\"et_pb_section_4 et_pb_section et_section_regular et_block_section\"><div class=\"et_pb_row_4 et_pb_row et_block_row preset--module--divi-row--c9cfaba2-2263-4f35-8227-8d16ca8bd1cc\"><div class=\"et_pb_column_11 et_pb_column et_pb_column_4_4 et-last-child et_block_column et_pb_css_mix_blend_mode_passthrough preset--module--divi-column--73121f80-a3ef-4484-8763-c3f18e3c56d2\"><div class=\"et_pb_heading_6 et_pb_heading et_pb_module et_flex_module preset--module--divi-heading--default\"><div class=\"et_pb_heading_container\"><h2 class=\"et_pb_module_header\">Solicit\u0103 Asisten\u021b\u0103 sau Informa\u021bii<\/h2><\/div><\/div><div class=\"et_pb_text_6 et_pb_text et_pb_bg_layout_light et_pb_module et_flex_module et_pb_text_align_center preset--module--divi-text--default\"><div class=\"et_pb_text_inner\"><p>V\u0103 invit\u0103m s\u0103 ne contacta\u021bi pentru orice \u00eentreb\u0103ri sau solicit\u0103ri de suport. Completa\u021bi formularul nostru de contact \u0219i unul dintre exper\u021bii no\u0219tri v\u0103 va r\u0103spunde \u00een cel mai scurt timp posibil. Suntem aici pentru a v\u0103 ajuta s\u0103 naviga\u021bi prin procesul de certificare \u0219i s\u0103 v\u0103 oferim solu\u021bii personalizate.<\/p>\n<\/div><\/div><div class=\"et_pb_contact_form_0 et_pb_contact_form_container clearfix et_pb_module et_flex_module preset--module--divi-contact-form--default\" data-form_unique_num=\"0\" data-form_unique_id=\"44dbb30d-fb7b-4fd1-8be9-5724ac732280\" id=\"et_pb_contact_form_44dbb30d-fb7b-4fd1-8be9-5724ac732280\"><div class=\"et-pb-contact-message\"><\/div><div class=\"et_pb_contact\"><form class=\"et_pb_contact_form et_flex_module\" method=\"post\" action=\"https:\/\/expert-ciseo.ro\/index.php\/wp-json\/wp\/v2\/pages\/16\"><div class=\"et_pb_contact_field_0 et_pb_contact_field et_pb_module et_flex_module et_flex_column_24_24 et_flex_column_24_24_tablet et_flex_column_24_24_phone\" data-id=\"email\" data-type=\"email\"><label class=\"et_pb_contact_form_label\" for=\"et_pb_contact_0_email_0\">Email Address<\/label><input type=\"text\" name=\"et_pb_contact_0_email_0\" id=\"et_pb_contact_0_email_0\" class=\"input\" data-required_mark=\"required\" data-field_type=\"email\" data-original_id=\"email\" placeholder=\"Email Address\" title=\"\" value=\"\" \/><\/div><div class=\"et_pb_contact_field_1 et_pb_contact_field et_pb_module et_flex_module et_flex_column_24_24 et_flex_column_24_24_tablet et_flex_column_24_24_phone\" data-id=\"name\" data-type=\"input\"><label class=\"et_pb_contact_form_label\" for=\"et_pb_contact_0_name_1\">Name<\/label><input type=\"text\" name=\"et_pb_contact_0_name_1\" id=\"et_pb_contact_0_name_1\" class=\"input\" data-required_mark=\"required\" data-field_type=\"input\" data-original_id=\"name\" placeholder=\"Name\" title=\"\" value=\"\" \/><\/div><div class=\"et_pb_contact_field_2 et_pb_contact_field et_pb_module et_flex_module et_flex_column_24_24 et_flex_column_24_24_tablet et_flex_column_24_24_phone\" data-id=\"interest\" data-type=\"select\"><label class=\"et_pb_contact_form_label\" for=\"et_pb_contact_0_interest_2\">What service are you interested in?<\/label><select name=\"et_pb_contact_0_interest_2\" id=\"et_pb_contact_0_interest_2\" class=\"et_pb_contact_select input\" data-required_mark=\"required\" data-field_type=\"select\" data-original_id=\"interest\"><option value=\"\">What service are you interested in?<\/option><option value=\"Divi AI\" data-id=\"\">Divi AI<\/option><option value=\"Divi Marketplace\" data-id=\"\">Divi Marketplace<\/option><option value=\"Divi Builder\" data-id=\"\">Divi Builder<\/option><\/select><\/div><div class=\"et_pb_contact_field_3 et_pb_contact_field et_pb_module et_flex_module et_flex_column_24_24 et_flex_column_24_24_tablet et_flex_column_24_24_phone\" data-id=\"message\" data-type=\"text\"><label class=\"et_pb_contact_form_label\" for=\"et_pb_contact_0_message_3\">Add an option note<\/label><textarea name=\"et_pb_contact_0_message_3\" id=\"et_pb_contact_0_message_3\" class=\"et_pb_contact_message input\" data-required_mark=\"not_required\" data-field_type=\"text\" data-original_id=\"message\" placeholder=\"Add an option note\"><\/textarea><\/div><input type=\"hidden\" name=\"et_pb_contactform_submit_44dbb30d-fb7b-4fd1-8be9-5724ac732280\" value=\"et_contact_proccess\" \/><div class=\"et_contact_bottom_container\"><div class=\"et_pb_button_wrapper\"><button type=\"submit\" name=\"et_builder_submit_button\" class=\"et_pb_button et_pb_contact_submit\">Submit<\/button><\/div><\/div><input type=\"hidden\" id=\"_wpnonce-et-pb-contact-form-submitted-44dbb30d-fb7b-4fd1-8be9-5724ac732280\" name=\"_wpnonce-et-pb-contact-form-submitted-44dbb30d-fb7b-4fd1-8be9-5724ac732280\" value=\"c8e0511840\" \/><input type=\"hidden\" name=\"_wp_http_referer\" value=\"\/index.php\/wp-json\/wp\/v2\/pages\/16\" \/><\/form><\/div><\/div><\/div><\/div><\/div><div class=\"et_pb_section_5 et_pb_section et_section_regular et_block_section\"><div class=\"et_pb_row_5 et_pb_row et_block_row preset--module--divi-row--5138c454-be54-4233-bd3b-f8e6a8747976\"><div class=\"et_pb_column_12 et_pb_column et_pb_column_4_4 et-last-child et_block_column et_pb_css_mix_blend_mode_passthrough preset--module--divi-column--73121f80-a3ef-4484-8763-c3f18e3c56d2\"><div class=\"et_pb_heading_7 et_pb_heading et_pb_module et_flex_module preset--module--divi-heading--default\"><div class=\"et_pb_heading_container\"><h2 class=\"et_pb_module_header\">Conecteaz\u0103-te cu Noi pe Re\u021belele Sociale<\/h2><\/div><\/div><\/div><\/div><div class=\"et_pb_row_6 et_pb_row et_pb_row_4col et_block_row et_block_row_4col preset--module--divi-row--5138c454-be54-4233-bd3b-f8e6a8747976\"><div class=\"et_pb_column_13 et_pb_column et_pb_column_1_4 et_block_column et_pb_css_mix_blend_mode_passthrough preset--module--divi-column--73121f80-a3ef-4484-8763-c3f18e3c56d2\"><div class=\"et_pb_blurb_2 et_pb_blurb et_pb_bg_layout_light et_pb_blurb_position_left et_pb_module et_flex_module ai_ignore_all preset--module--divi-blurb--1ea53d41-9439-472c-8d8b-7bddb3bf9444\"><div class=\"et_pb_blurb_content et_flex_module\"><div class=\"et_pb_main_blurb_image\"><span class=\"et_pb_image_wrap\"><span class=\"et-pb-icon\">\uf39e<\/span><\/span><\/div><div class=\"et_pb_blurb_container\"><h4 class=\"et_pb_module_header\">Facebook<\/h4><\/div><\/div><\/div><\/div><div class=\"et_pb_column_14 et_pb_column et_pb_column_1_4 et_block_column et_pb_css_mix_blend_mode_passthrough preset--module--divi-column--73121f80-a3ef-4484-8763-c3f18e3c56d2\"><div class=\"et_pb_blurb_3 et_pb_blurb et_pb_bg_layout_light et_pb_blurb_position_left et_pb_module et_flex_module ai_ignore_all preset--module--divi-blurb--1ea53d41-9439-472c-8d8b-7bddb3bf9444\"><div class=\"et_pb_blurb_content et_flex_module\"><div class=\"et_pb_main_blurb_image\"><span class=\"et_pb_image_wrap\"><span class=\"et-pb-icon\">\ue094<\/span><\/span><\/div><div class=\"et_pb_blurb_container\"><h4 class=\"et_pb_module_header\">Twitter<\/h4><\/div><\/div><\/div><\/div><div class=\"et_pb_column_15 et_pb_column et_pb_column_1_4 et_block_column et_pb_css_mix_blend_mode_passthrough preset--module--divi-column--73121f80-a3ef-4484-8763-c3f18e3c56d2\"><div class=\"et_pb_blurb_4 et_pb_blurb et_pb_bg_layout_light et_pb_blurb_position_left et_pb_module et_flex_module ai_ignore_all preset--module--divi-blurb--1ea53d41-9439-472c-8d8b-7bddb3bf9444\"><div class=\"et_pb_blurb_content et_flex_module\"><div class=\"et_pb_main_blurb_image\"><span class=\"et_pb_image_wrap\"><span class=\"et-pb-icon\">\uf0e1<\/span><\/span><\/div><div class=\"et_pb_blurb_container\"><h4 class=\"et_pb_module_header\">Linkedin<\/h4><\/div><\/div><\/div><\/div><div class=\"et_pb_column_16 et_pb_column et_pb_column_1_4 et-last-child et_block_column et_pb_css_mix_blend_mode_passthrough preset--module--divi-column--73121f80-a3ef-4484-8763-c3f18e3c56d2\"><div class=\"et_pb_blurb_5 et_pb_blurb et_pb_bg_layout_light et_pb_blurb_position_left et_pb_module et_flex_module ai_ignore_all preset--module--divi-blurb--1ea53d41-9439-472c-8d8b-7bddb3bf9444\"><div class=\"et_pb_blurb_content et_flex_module\"><div class=\"et_pb_main_blurb_image\"><span class=\"et_pb_image_wrap\"><span class=\"et-pb-icon\">\ue0a3<\/span><\/span><\/div><div class=\"et_pb_blurb_container\"><h4 class=\"et_pb_module_header\">Youtube<\/h4><\/div><\/div><\/div><\/div><\/div><\/div><div class=\"et_pb_section_6 et_pb_section et_section_regular et_block_section\"><div class=\"et_pb_row_7 et_pb_row et_block_row preset--module--divi-row--333b8a65-5730-490d-b80e-51611171c668\"><div class=\"et_pb_column_17 et_pb_column et_pb_column_3_5 et_block_column et_pb_css_mix_blend_mode_passthrough preset--module--divi-column--73121f80-a3ef-4484-8763-c3f18e3c56d2\"><div class=\"et_pb_heading_8 et_pb_heading et_pb_module et_flex_module preset--module--divi-heading--default\"><div class=\"et_pb_heading_container\"><h2 class=\"et_pb_module_header\">Contacteaz\u0103-ne pentru Detalii<\/h2><\/div><\/div><div class=\"et_pb_text_7 et_pb_text et_pb_bg_layout_light et_pb_module et_flex_module preset--module--divi-text--0504de1e-f5ff-4281-ba60-cbbe4edf98bc\"><div class=\"et_pb_text_inner\"><p>Suntem aici pentru a r\u0103spunde la toate \u00eentreb\u0103rile tale despre catalogul nostru \u0219i serviciile oferite de echipa CISEO Expert. Fie c\u0103 ai nevoie de suport, informa\u021bii suplimentare sau dore\u0219ti s\u0103 afli mai multe despre cum putem colabora, nu ezita s\u0103 ne contactezi.<\/p>\n<\/div><\/div><\/div><div class=\"et_pb_column_18 et_pb_column et_pb_column_2_5 et-last-child et_block_column et_pb_css_mix_blend_mode_passthrough preset--module--divi-column--73121f80-a3ef-4484-8763-c3f18e3c56d2\"><div class=\"et_pb_module et_pb_button_module_wrapper et_pb_button_1_wrapper preset--module--divi-button--ab15fb74-61a3-43aa-96b3-41e09aeef654_wrapper\"><a class=\"et_pb_button_1 et_pb_button et_pb_bg_layout_light et_pb_module et_flex_module preset--module--divi-button--ab15fb74-61a3-43aa-96b3-41e09aeef654\" href=\"\">Afl\u0103 Mai Multe<\/a><\/div><\/div><\/div><\/div>","protected":false},"excerpt":{"rendered":"","protected":false},"author":1,"featured_media":0,"parent":0,"menu_order":0,"comment_status":"closed","ping_status":"closed","template":"","meta":{"footnotes":""},"class_list":["post-16","page","type-page","status-publish","hentry"],"_links":{"self":[{"href":"https:\/\/expert-ciseo.ro\/index.php\/wp-json\/wp\/v2\/pages\/16","targetHints":{"allow":["GET"]}}],"collection":[{"href":"https:\/\/expert-ciseo.ro\/index.php\/wp-json\/wp\/v2\/pages"}],"about":[{"href":"https:\/\/expert-ciseo.ro\/index.php\/wp-json\/wp\/v2\/types\/page"}],"author":[{"embeddable":true,"href":"https:\/\/expert-ciseo.ro\/index.php\/wp-json\/wp\/v2\/users\/1"}],"replies":[{"embeddable":true,"href":"https:\/\/expert-ciseo.ro\/index.php\/wp-json\/wp\/v2\/comments?post=16"}],"version-history":[{"count":1,"href":"https:\/\/expert-ciseo.ro\/index.php\/wp-json\/wp\/v2\/pages\/16\/revisions"}],"predecessor-version":[{"id":54,"href":"https:\/\/expert-ciseo.ro\/index.php\/wp-json\/wp\/v2\/pages\/16\/revisions\/54"}],"wp:attachment":[{"href":"https:\/\/expert-ciseo.ro\/index.php\/wp-json\/wp\/v2\/media?parent=16"}],"curies":[{"name":"wp","href":"https:\/\/api.w.org\/{rel}","templated":true}]}}